{"id":2525,"date":"2022-01-28T14:49:34","date_gmt":"2022-01-28T17:49:34","guid":{"rendered":"http:\/\/qualitysteak.com.br\/loja\/?post_type=product&#038;p=2525"},"modified":"2022-02-05T10:21:32","modified_gmt":"2022-02-05T13:21:32","slug":"short-rib-wagyu","status":"publish","type":"product","link":"https:\/\/qualitysteak.com.br\/loja\/produto\/short-rib-wagyu\/","title":{"rendered":"Short Rib Wagyu"},"content":{"rendered":"<p>Sabor supremo e inigual\u00e1vel, Wagyu \u00e9 uma ra\u00e7a bovina milenar de origem japonesa, cuja carne \u00e9 considerada a mais saborosa do mundo. Seu marmoreio e maciez s\u00e3o superiores \u00e0s demais ra\u00e7as devido \u00e0 alt\u00edssima sele\u00e7\u00e3o do gado e \u00e0 aten\u00e7\u00e3o aos m\u00ednimos detalhes. Short Rib Wagyu \u00e9 um corte do ac\u00e9m com osso, mais espesso e extremamente suculento, perfeito para um churrasco especial.<\/p>\n","protected":false},"excerpt":{"rendered":"<p>Sabor supremo e inigual\u00e1vel, Wagyu \u00e9 uma ra\u00e7a bovina milenar de origem japonesa, cuja carne \u00e9 considerada a mais saborosa do mundo.<\/p>\n","protected":false},"featured_media":2531,"comment_status":"closed","ping_status":"closed","template":"","meta":[],"product_cat":[91],"product_tag":[],"yoast_head":"<!-- This site is optimized with the Yoast SEO plugin v18.4.1 - https:\/\/yoast.com\/wordpress\/plugins\/seo\/ -->\n<title>Short Rib Wagyu - Quality Steak<\/title>\n<meta name=\"robots\" content=\"index, follow, max-snippet:-1, max-image-preview:large, max-video-preview:-1\" \/>\n<link rel=\"canonical\" href=\"https:\/\/qualitysteak.com.br\/loja\/produto\/short-rib-wagyu\/\" \/>\n<meta property=\"og:locale\" content=\"pt_BR\" \/>\n<meta property=\"og:type\" content=\"article\" \/>\n<meta property=\"og:title\" content=\"Short Rib Wagyu - Quality Steak\" \/>\n<meta property=\"og:description\" content=\"Sabor supremo e inigual\u00e1vel, Wagyu \u00e9 uma ra\u00e7a bovina milenar de origem japonesa, cuja carne \u00e9 considerada a mais saborosa do mundo.\" \/>\n<meta property=\"og:url\" content=\"https:\/\/qualitysteak.com.br\/loja\/produto\/short-rib-wagyu\/\" \/>\n<meta property=\"og:site_name\" content=\"Quality Steak\" \/>\n<meta property=\"article:modified_time\" content=\"2022-02-05T13:21:32+00:00\" \/>\n<meta property=\"og:image\" content=\"https:\/\/qualitysteak.com.br\/loja\/wp-content\/uploads\/2022\/01\/IMG_20220128_142507816-scaled.jpg\" \/>\n\t<meta property=\"og:image:width\" content=\"1920\" \/>\n\t<meta property=\"og:image:height\" content=\"2560\" \/>\n\t<meta property=\"og:image:type\" content=\"image\/jpeg\" \/>\n<meta name=\"twitter:card\" content=\"summary_large_image\" \/>\n<meta name=\"twitter:label1\" content=\"Est. tempo de leitura\" \/>\n\t<meta name=\"twitter:data1\" content=\"1 minuto\" \/>\n<script type=\"application\/ld+json\" class=\"yoast-schema-graph\">{\"@context\":\"https:\/\/schema.org\",\"@graph\":[{\"@type\":\"WebSite\",\"@id\":\"https:\/\/qualitysteak.com.br\/loja\/#website\",\"url\":\"https:\/\/qualitysteak.com.br\/loja\/\",\"name\":\"Quality Steak\",\"description\":\"Quality Steak - A carne!\",\"potentialAction\":[{\"@type\":\"SearchAction\",\"target\":{\"@type\":\"EntryPoint\",\"urlTemplate\":\"https:\/\/qualitysteak.com.br\/loja\/?s={search_term_string}\"},\"query-input\":\"required name=search_term_string\"}],\"inLanguage\":\"pt-BR\"},{\"@type\":\"ImageObject\",\"@id\":\"https:\/\/qualitysteak.com.br\/loja\/produto\/short-rib-wagyu\/#primaryimage\",\"inLanguage\":\"pt-BR\",\"url\":\"https:\/\/qualitysteak.com.br\/loja\/wp-content\/uploads\/2022\/01\/IMG_20220128_142507816-scaled.jpg\",\"contentUrl\":\"https:\/\/qualitysteak.com.br\/loja\/wp-content\/uploads\/2022\/01\/IMG_20220128_142507816-scaled.jpg\",\"width\":1920,\"height\":2560},{\"@type\":\"WebPage\",\"@id\":\"https:\/\/qualitysteak.com.br\/loja\/produto\/short-rib-wagyu\/#webpage\",\"url\":\"https:\/\/qualitysteak.com.br\/loja\/produto\/short-rib-wagyu\/\",\"name\":\"Short Rib Wagyu - Quality Steak\",\"isPartOf\":{\"@id\":\"https:\/\/qualitysteak.com.br\/loja\/#website\"},\"primaryImageOfPage\":{\"@id\":\"https:\/\/qualitysteak.com.br\/loja\/produto\/short-rib-wagyu\/#primaryimage\"},\"datePublished\":\"2022-01-28T17:49:34+00:00\",\"dateModified\":\"2022-02-05T13:21:32+00:00\",\"breadcrumb\":{\"@id\":\"https:\/\/qualitysteak.com.br\/loja\/produto\/short-rib-wagyu\/#breadcrumb\"},\"inLanguage\":\"pt-BR\",\"potentialAction\":[{\"@type\":\"ReadAction\",\"target\":[\"https:\/\/qualitysteak.com.br\/loja\/produto\/short-rib-wagyu\/\"]}]},{\"@type\":\"BreadcrumbList\",\"@id\":\"https:\/\/qualitysteak.com.br\/loja\/produto\/short-rib-wagyu\/#breadcrumb\",\"itemListElement\":[{\"@type\":\"ListItem\",\"position\":1,\"name\":\"In\u00edcio\",\"item\":\"https:\/\/qualitysteak.com.br\/loja\/\"},{\"@type\":\"ListItem\",\"position\":2,\"name\":\"Loja\",\"item\":\"https:\/\/qualitysteak.com.br\/loja\/?page_id=14\"},{\"@type\":\"ListItem\",\"position\":3,\"name\":\"Short Rib Wagyu\"}]}]}<\/script>\n<!-- \/ Yoast SEO plugin. -->","yoast_head_json":{"title":"Short Rib Wagyu - Quality Steak","robots":{"index":"index","follow":"follow","max-snippet":"max-snippet:-1","max-image-preview":"max-image-preview:large","max-video-preview":"max-video-preview:-1"},"canonical":"https:\/\/qualitysteak.com.br\/loja\/produto\/short-rib-wagyu\/","og_locale":"pt_BR","og_type":"article","og_title":"Short Rib Wagyu - Quality Steak","og_description":"Sabor supremo e inigual\u00e1vel, Wagyu \u00e9 uma ra\u00e7a bovina milenar de origem japonesa, cuja carne \u00e9 considerada a mais saborosa do mundo.","og_url":"https:\/\/qualitysteak.com.br\/loja\/produto\/short-rib-wagyu\/","og_site_name":"Quality Steak","article_modified_time":"2022-02-05T13:21:32+00:00","og_image":[{"width":1920,"height":2560,"url":"https:\/\/qualitysteak.com.br\/loja\/wp-content\/uploads\/2022\/01\/IMG_20220128_142507816-scaled.jpg","type":"image\/jpeg"}],"twitter_card":"summary_large_image","twitter_misc":{"Est. tempo de leitura":"1 minuto"},"schema":{"@context":"https:\/\/schema.org","@graph":[{"@type":"WebSite","@id":"https:\/\/qualitysteak.com.br\/loja\/#website","url":"https:\/\/qualitysteak.com.br\/loja\/","name":"Quality Steak","description":"Quality Steak - A carne!","potentialAction":[{"@type":"SearchAction","target":{"@type":"EntryPoint","urlTemplate":"https:\/\/qualitysteak.com.br\/loja\/?s={search_term_string}"},"query-input":"required name=search_term_string"}],"inLanguage":"pt-BR"},{"@type":"ImageObject","@id":"https:\/\/qualitysteak.com.br\/loja\/produto\/short-rib-wagyu\/#primaryimage","inLanguage":"pt-BR","url":"https:\/\/qualitysteak.com.br\/loja\/wp-content\/uploads\/2022\/01\/IMG_20220128_142507816-scaled.jpg","contentUrl":"https:\/\/qualitysteak.com.br\/loja\/wp-content\/uploads\/2022\/01\/IMG_20220128_142507816-scaled.jpg","width":1920,"height":2560},{"@type":"WebPage","@id":"https:\/\/qualitysteak.com.br\/loja\/produto\/short-rib-wagyu\/#webpage","url":"https:\/\/qualitysteak.com.br\/loja\/produto\/short-rib-wagyu\/","name":"Short Rib Wagyu - Quality Steak","isPartOf":{"@id":"https:\/\/qualitysteak.com.br\/loja\/#website"},"primaryImageOfPage":{"@id":"https:\/\/qualitysteak.com.br\/loja\/produto\/short-rib-wagyu\/#primaryimage"},"datePublished":"2022-01-28T17:49:34+00:00","dateModified":"2022-02-05T13:21:32+00:00","breadcrumb":{"@id":"https:\/\/qualitysteak.com.br\/loja\/produto\/short-rib-wagyu\/#breadcrumb"},"inLanguage":"pt-BR","potentialAction":[{"@type":"ReadAction","target":["https:\/\/qualitysteak.com.br\/loja\/produto\/short-rib-wagyu\/"]}]},{"@type":"BreadcrumbList","@id":"https:\/\/qualitysteak.com.br\/loja\/produto\/short-rib-wagyu\/#breadcrumb","itemListElement":[{"@type":"ListItem","position":1,"name":"In\u00edcio","item":"https:\/\/qualitysteak.com.br\/loja\/"},{"@type":"ListItem","position":2,"name":"Loja","item":"https:\/\/qualitysteak.com.br\/loja\/?page_id=14"},{"@type":"ListItem","position":3,"name":"Short Rib Wagyu"}]}]}},"_links":{"self":[{"href":"https:\/\/qualitysteak.com.br\/loja\/wp-json\/wp\/v2\/product\/2525"}],"collection":[{"href":"https:\/\/qualitysteak.com.br\/loja\/wp-json\/wp\/v2\/product"}],"about":[{"href":"https:\/\/qualitysteak.com.br\/loja\/wp-json\/wp\/v2\/types\/product"}],"replies":[{"embeddable":true,"href":"https:\/\/qualitysteak.com.br\/loja\/wp-json\/wp\/v2\/comments?post=2525"}],"wp:featuredmedia":[{"embeddable":true,"href":"https:\/\/qualitysteak.com.br\/loja\/wp-json\/wp\/v2\/media\/2531"}],"wp:attachment":[{"href":"https:\/\/qualitysteak.com.br\/loja\/wp-json\/wp\/v2\/media?parent=2525"}],"wp:term":[{"taxonomy":"product_cat","embeddable":true,"href":"https:\/\/qualitysteak.com.br\/loja\/wp-json\/wp\/v2\/product_cat?post=2525"},{"taxonomy":"product_tag","embeddable":true,"href":"https:\/\/qualitysteak.com.br\/loja\/wp-json\/wp\/v2\/product_tag?post=2525"}],"curies":[{"name":"wp","href":"https:\/\/api.w.org\/{rel}","templated":true}]}}