{"id":2032,"date":"2021-07-10T17:51:35","date_gmt":"2021-07-10T20:51:35","guid":{"rendered":"https:\/\/qualitysteak.com.br\/loja\/?post_type=product&#038;p=2032"},"modified":"2021-08-17T15:19:26","modified_gmt":"2021-08-17T18:19:26","slug":"ancho-premium","status":"publish","type":"product","link":"https:\/\/qualitysteak.com.br\/loja\/produto\/ancho-premium\/","title":{"rendered":"Ancho Premium"},"content":{"rendered":"<p>O Bife Ancho \u00e9 retirado da parte dianteira do contrafil\u00e9, com uma evidente camada de mamoreio, a gordura entremeada na carne, e grande sucul\u00eancia e sabor. Com cortes largos e espessos, o Ancho \u00e9 perfeito para se grelhar nas churrasqueiras.<\/p>\n","protected":false},"excerpt":{"rendered":"<p>O Bife Ancho \u00e9 retirado da parte dianteira do contrafil\u00e9, com uma evidente camada de mamoreio, a gordura entremeada na carne, e grande sucul\u00eancia e sabor. Com cortes largos e espessos, o Ancho \u00e9 perfeito para se grelhar nas churrasqueiras.<\/p>\n","protected":false},"featured_media":2033,"comment_status":"open","ping_status":"closed","template":"","meta":[],"product_cat":[91],"product_tag":[],"yoast_head":"<!-- This site is optimized with the Yoast SEO plugin v18.4.1 - https:\/\/yoast.com\/wordpress\/plugins\/seo\/ -->\n<title>Ancho Premium - Quality Steak<\/title>\n<meta name=\"robots\" content=\"index, follow, max-snippet:-1, max-image-preview:large, max-video-preview:-1\" \/>\n<link rel=\"canonical\" href=\"https:\/\/qualitysteak.com.br\/loja\/produto\/ancho-premium\/\" \/>\n<meta property=\"og:locale\" content=\"pt_BR\" \/>\n<meta property=\"og:type\" content=\"article\" \/>\n<meta property=\"og:title\" content=\"Ancho Premium - Quality Steak\" \/>\n<meta property=\"og:description\" content=\"O Bife Ancho \u00e9 retirado da parte dianteira do contrafil\u00e9, com uma evidente camada de mamoreio, a gordura entremeada na carne, e grande sucul\u00eancia e sabor. Com cortes largos e espessos, o Ancho \u00e9 perfeito para se grelhar nas churrasqueiras.\" \/>\n<meta property=\"og:url\" content=\"https:\/\/qualitysteak.com.br\/loja\/produto\/ancho-premium\/\" \/>\n<meta property=\"og:site_name\" content=\"Quality Steak\" \/>\n<meta property=\"article:modified_time\" content=\"2021-08-17T18:19:26+00:00\" \/>\n<meta property=\"og:image\" content=\"https:\/\/qualitysteak.com.br\/loja\/wp-content\/uploads\/2021\/07\/ancho-beautiful-raw-steak-under-260nw-1819910483-e1625950167914.jpg\" \/>\n\t<meta property=\"og:image:width\" content=\"390\" \/>\n\t<meta property=\"og:image:height\" content=\"259\" \/>\n\t<meta property=\"og:image:type\" content=\"image\/jpeg\" \/>\n<meta name=\"twitter:card\" content=\"summary_large_image\" \/>\n<meta name=\"twitter:label1\" content=\"Est. tempo de leitura\" \/>\n\t<meta name=\"twitter:data1\" content=\"1 minuto\" \/>\n<script type=\"application\/ld+json\" class=\"yoast-schema-graph\">{\"@context\":\"https:\/\/schema.org\",\"@graph\":[{\"@type\":\"WebSite\",\"@id\":\"https:\/\/qualitysteak.com.br\/loja\/#website\",\"url\":\"https:\/\/qualitysteak.com.br\/loja\/\",\"name\":\"Quality Steak\",\"description\":\"Quality Steak - A carne!\",\"potentialAction\":[{\"@type\":\"SearchAction\",\"target\":{\"@type\":\"EntryPoint\",\"urlTemplate\":\"https:\/\/qualitysteak.com.br\/loja\/?s={search_term_string}\"},\"query-input\":\"required name=search_term_string\"}],\"inLanguage\":\"pt-BR\"},{\"@type\":\"ImageObject\",\"@id\":\"https:\/\/qualitysteak.com.br\/loja\/produto\/ancho-premium\/#primaryimage\",\"inLanguage\":\"pt-BR\",\"url\":\"https:\/\/qualitysteak.com.br\/loja\/wp-content\/uploads\/2021\/07\/ancho-beautiful-raw-steak-under-260nw-1819910483-e1625950167914.jpg\",\"contentUrl\":\"https:\/\/qualitysteak.com.br\/loja\/wp-content\/uploads\/2021\/07\/ancho-beautiful-raw-steak-under-260nw-1819910483-e1625950167914.jpg\",\"width\":390,\"height\":259},{\"@type\":\"WebPage\",\"@id\":\"https:\/\/qualitysteak.com.br\/loja\/produto\/ancho-premium\/#webpage\",\"url\":\"https:\/\/qualitysteak.com.br\/loja\/produto\/ancho-premium\/\",\"name\":\"Ancho Premium - Quality Steak\",\"isPartOf\":{\"@id\":\"https:\/\/qualitysteak.com.br\/loja\/#website\"},\"primaryImageOfPage\":{\"@id\":\"https:\/\/qualitysteak.com.br\/loja\/produto\/ancho-premium\/#primaryimage\"},\"datePublished\":\"2021-07-10T20:51:35+00:00\",\"dateModified\":\"2021-08-17T18:19:26+00:00\",\"breadcrumb\":{\"@id\":\"https:\/\/qualitysteak.com.br\/loja\/produto\/ancho-premium\/#breadcrumb\"},\"inLanguage\":\"pt-BR\",\"potentialAction\":[{\"@type\":\"ReadAction\",\"target\":[\"https:\/\/qualitysteak.com.br\/loja\/produto\/ancho-premium\/\"]}]},{\"@type\":\"BreadcrumbList\",\"@id\":\"https:\/\/qualitysteak.com.br\/loja\/produto\/ancho-premium\/#breadcrumb\",\"itemListElement\":[{\"@type\":\"ListItem\",\"position\":1,\"name\":\"In\u00edcio\",\"item\":\"https:\/\/qualitysteak.com.br\/loja\/\"},{\"@type\":\"ListItem\",\"position\":2,\"name\":\"Loja\",\"item\":\"https:\/\/qualitysteak.com.br\/loja\/?page_id=14\"},{\"@type\":\"ListItem\",\"position\":3,\"name\":\"Ancho Premium\"}]}]}<\/script>\n<!-- \/ Yoast SEO plugin. -->","yoast_head_json":{"title":"Ancho Premium - Quality Steak","robots":{"index":"index","follow":"follow","max-snippet":"max-snippet:-1","max-image-preview":"max-image-preview:large","max-video-preview":"max-video-preview:-1"},"canonical":"https:\/\/qualitysteak.com.br\/loja\/produto\/ancho-premium\/","og_locale":"pt_BR","og_type":"article","og_title":"Ancho Premium - Quality Steak","og_description":"O Bife Ancho \u00e9 retirado da parte dianteira do contrafil\u00e9, com uma evidente camada de mamoreio, a gordura entremeada na carne, e grande sucul\u00eancia e sabor. Com cortes largos e espessos, o Ancho \u00e9 perfeito para se grelhar nas churrasqueiras.","og_url":"https:\/\/qualitysteak.com.br\/loja\/produto\/ancho-premium\/","og_site_name":"Quality Steak","article_modified_time":"2021-08-17T18:19:26+00:00","og_image":[{"width":390,"height":259,"url":"https:\/\/qualitysteak.com.br\/loja\/wp-content\/uploads\/2021\/07\/ancho-beautiful-raw-steak-under-260nw-1819910483-e1625950167914.jpg","type":"image\/jpeg"}],"twitter_card":"summary_large_image","twitter_misc":{"Est. tempo de leitura":"1 minuto"},"schema":{"@context":"https:\/\/schema.org","@graph":[{"@type":"WebSite","@id":"https:\/\/qualitysteak.com.br\/loja\/#website","url":"https:\/\/qualitysteak.com.br\/loja\/","name":"Quality Steak","description":"Quality Steak - A carne!","potentialAction":[{"@type":"SearchAction","target":{"@type":"EntryPoint","urlTemplate":"https:\/\/qualitysteak.com.br\/loja\/?s={search_term_string}"},"query-input":"required name=search_term_string"}],"inLanguage":"pt-BR"},{"@type":"ImageObject","@id":"https:\/\/qualitysteak.com.br\/loja\/produto\/ancho-premium\/#primaryimage","inLanguage":"pt-BR","url":"https:\/\/qualitysteak.com.br\/loja\/wp-content\/uploads\/2021\/07\/ancho-beautiful-raw-steak-under-260nw-1819910483-e1625950167914.jpg","contentUrl":"https:\/\/qualitysteak.com.br\/loja\/wp-content\/uploads\/2021\/07\/ancho-beautiful-raw-steak-under-260nw-1819910483-e1625950167914.jpg","width":390,"height":259},{"@type":"WebPage","@id":"https:\/\/qualitysteak.com.br\/loja\/produto\/ancho-premium\/#webpage","url":"https:\/\/qualitysteak.com.br\/loja\/produto\/ancho-premium\/","name":"Ancho Premium - Quality Steak","isPartOf":{"@id":"https:\/\/qualitysteak.com.br\/loja\/#website"},"primaryImageOfPage":{"@id":"https:\/\/qualitysteak.com.br\/loja\/produto\/ancho-premium\/#primaryimage"},"datePublished":"2021-07-10T20:51:35+00:00","dateModified":"2021-08-17T18:19:26+00:00","breadcrumb":{"@id":"https:\/\/qualitysteak.com.br\/loja\/produto\/ancho-premium\/#breadcrumb"},"inLanguage":"pt-BR","potentialAction":[{"@type":"ReadAction","target":["https:\/\/qualitysteak.com.br\/loja\/produto\/ancho-premium\/"]}]},{"@type":"BreadcrumbList","@id":"https:\/\/qualitysteak.com.br\/loja\/produto\/ancho-premium\/#breadcrumb","itemListElement":[{"@type":"ListItem","position":1,"name":"In\u00edcio","item":"https:\/\/qualitysteak.com.br\/loja\/"},{"@type":"ListItem","position":2,"name":"Loja","item":"https:\/\/qualitysteak.com.br\/loja\/?page_id=14"},{"@type":"ListItem","position":3,"name":"Ancho Premium"}]}]}},"_links":{"self":[{"href":"https:\/\/qualitysteak.com.br\/loja\/wp-json\/wp\/v2\/product\/2032"}],"collection":[{"href":"https:\/\/qualitysteak.com.br\/loja\/wp-json\/wp\/v2\/product"}],"about":[{"href":"https:\/\/qualitysteak.com.br\/loja\/wp-json\/wp\/v2\/types\/product"}],"replies":[{"embeddable":true,"href":"https:\/\/qualitysteak.com.br\/loja\/wp-json\/wp\/v2\/comments?post=2032"}],"wp:featuredmedia":[{"embeddable":true,"href":"https:\/\/qualitysteak.com.br\/loja\/wp-json\/wp\/v2\/media\/2033"}],"wp:attachment":[{"href":"https:\/\/qualitysteak.com.br\/loja\/wp-json\/wp\/v2\/media?parent=2032"}],"wp:term":[{"taxonomy":"product_cat","embeddable":true,"href":"https:\/\/qualitysteak.com.br\/loja\/wp-json\/wp\/v2\/product_cat?post=2032"},{"taxonomy":"product_tag","embeddable":true,"href":"https:\/\/qualitysteak.com.br\/loja\/wp-json\/wp\/v2\/product_tag?post=2032"}],"curies":[{"name":"wp","href":"https:\/\/api.w.org\/{rel}","templated":true}]}}